{"id":193,"date":"2020-09-18T10:10:48","date_gmt":"2020-09-18T10:10:48","guid":{"rendered":"http:\/\/perpetual-apple.flywheelsites.com\/korean-blog-learn-the-korean-language\/"},"modified":"2021-06-09T14:20:36","modified_gmt":"2021-06-09T14:20:36","slug":"blog-coreen-un-blog-dedie-a-la-langue-coreenne","status":"publish","type":"page","link":"https:\/\/blog.langasia.com\/fr\/blog-coreen-un-blog-dedie-a-la-langue-coreenne\/","title":{"rendered":"Blog Cor\u00e9en \u2013 Un blog d\u00e9di\u00e9 \u00e0 la langue cor\u00e9enne"},"content":{"rendered":"<h1>Un blog d\u00e9di\u00e9 au cor\u00e9en<\/h1>\n<p><\/p>\n<h3>Augmentez votre vocabulaire et vos comp\u00e9tences en langue<\/h3>\n<p>no-repeat;left top;;<br \/>auto<\/p>\n<h2>Apprendre les antonymes cor\u00e9ens<\/h2>\n<p>Trouvez chaque semaine deux mots oppos\u00e9s. Essayez de les lire et de les comprendre. Si vous ne connaissez pas le mot, lisez l\\&rsquo;article pour apprendre de nouveaux verbes cor\u00e9ens. Pouvez-vous lire les mots sur l\\&rsquo;image?<br \/>no-repeat;left top;;<br \/>auto<\/p>\n<p>12<br \/>masonry<br \/>4<br \/>h4<br \/>coreen<br \/>date<br \/>DESC<\/p>\n<p>NOTRE CAMPUS<br \/>\n<\/p>\n<h2>Am\u00e9liorez votre niveau<br \/>\n<br \/> de cor\u00e9en<\/h2>\n<p><hr class=\"no_line\" style=\"margin: 0 auto 0px auto\"\/>\n<br \/>\n<br \/>Nos cours de cor\u00e9en ont une approche unique. Chaque le\u00e7on est \u00e9crite de mani\u00e8re \u00e0 ce que vous appreniez la langue et que vous puissiez l\\&rsquo;utiliser comme un locuteur natif.<br \/>\n<br \/><hr class=\"no_line\" style=\"margin: 0 auto 0px auto\"\/>\n<br \/>\n<br \/><a class=\"button  button_size_2\" href=\"\"         title=\"\"><span class=\"button_label\">Button<\/span><\/a>\n<br \/>center<br \/>#f4f3f9<br \/>no-repeat;left top;;<br \/>auto<br \/>80px 15%<br \/>border-radius: 40% 27% 74% 28% \/ 40% 43% 47% 52%<\/p>\n","protected":false},"excerpt":{"rendered":"<p><span class=\"excerpt-hellip\"> [\u2026]<\/span><\/p>\n","protected":false},"author":1,"featured_media":0,"parent":0,"menu_order":0,"comment_status":"closed","ping_status":"closed","template":"","meta":{"footnotes":""},"class_list":["post-193","page","type-page","status-publish","hentry"],"yoast_head":"<!-- This site is optimized with the Yoast SEO plugin v27.2 - https:\/\/yoast.com\/product\/yoast-seo-wordpress\/ -->\n<title>Blog Cor\u00e9en \u2013 Un blog d\u00e9di\u00e9 \u00e0 la langue cor\u00e9enne &#8226; Langasia<\/title>\n<meta name=\"description\" content=\"Blog Cor\u00e9en \u2013 Un blog d\u00e9di\u00e9 \u00e0 la langue cor\u00e9enne avec divers contenus gratuits pour vous aider \u00e0 am\u00e9liorer votre vocabulaire, grammaire...\" \/>\n<meta name=\"robots\" content=\"index, follow, max-snippet:-1, max-image-preview:large, max-video-preview:-1\" \/>\n<link rel=\"canonical\" href=\"https:\/\/blog.langasia.com\/fr\/blog-coreen-un-blog-dedie-a-la-langue-coreenne\/\" \/>\n<meta property=\"og:locale\" content=\"fr_FR\" \/>\n<meta property=\"og:type\" content=\"article\" \/>\n<meta property=\"og:title\" content=\"Blog Cor\u00e9en \u2013 Un blog d\u00e9di\u00e9 \u00e0 la langue cor\u00e9enne &#8226; Langasia\" \/>\n<meta property=\"og:description\" content=\"Blog Cor\u00e9en \u2013 Un blog d\u00e9di\u00e9 \u00e0 la langue cor\u00e9enne avec divers contenus gratuits pour vous aider \u00e0 am\u00e9liorer votre vocabulaire, grammaire...\" \/>\n<meta property=\"og:url\" content=\"https:\/\/blog.langasia.com\/fr\/blog-coreen-un-blog-dedie-a-la-langue-coreenne\/\" \/>\n<meta property=\"og:site_name\" content=\"Langasia\" \/>\n<meta property=\"article:publisher\" content=\"https:\/\/www.facebook.com\/Langasia-888214931201038\" \/>\n<meta property=\"article:modified_time\" content=\"2021-06-09T14:20:36+00:00\" \/>\n<meta name=\"twitter:card\" content=\"summary_large_image\" \/>\n<meta name=\"twitter:site\" content=\"@LangasiaWebsite\" \/>\n<meta name=\"twitter:label1\" content=\"Dur\u00e9e de lecture estim\u00e9e\" \/>\n\t<meta name=\"twitter:data1\" content=\"1 minute\" \/>\n<script type=\"application\/ld+json\" class=\"yoast-schema-graph\">{\"@context\":\"https:\/\/schema.org\",\"@graph\":[{\"@type\":\"WebPage\",\"@id\":\"https:\/\/blog.langasia.com\/fr\/blog-coreen-un-blog-dedie-a-la-langue-coreenne\/\",\"url\":\"https:\/\/blog.langasia.com\/fr\/blog-coreen-un-blog-dedie-a-la-langue-coreenne\/\",\"name\":\"Blog Cor\u00e9en \u2013 Un blog d\u00e9di\u00e9 \u00e0 la langue cor\u00e9enne &#8226; Langasia\",\"isPartOf\":{\"@id\":\"https:\/\/blog.langasia.com\/#website\"},\"datePublished\":\"2020-09-18T10:10:48+00:00\",\"dateModified\":\"2021-06-09T14:20:36+00:00\",\"description\":\"Blog Cor\u00e9en \u2013 Un blog d\u00e9di\u00e9 \u00e0 la langue cor\u00e9enne avec divers contenus gratuits pour vous aider \u00e0 am\u00e9liorer votre vocabulaire, grammaire...\",\"breadcrumb\":{\"@id\":\"https:\/\/blog.langasia.com\/fr\/blog-coreen-un-blog-dedie-a-la-langue-coreenne\/#breadcrumb\"},\"inLanguage\":\"fr-FR\",\"potentialAction\":[{\"@type\":\"ReadAction\",\"target\":[\"https:\/\/blog.langasia.com\/fr\/blog-coreen-un-blog-dedie-a-la-langue-coreenne\/\"]}]},{\"@type\":\"BreadcrumbList\",\"@id\":\"https:\/\/blog.langasia.com\/fr\/blog-coreen-un-blog-dedie-a-la-langue-coreenne\/#breadcrumb\",\"itemListElement\":[{\"@type\":\"ListItem\",\"position\":1,\"name\":\"Accueil\",\"item\":\"https:\/\/blog.langasia.com\/fr\/\"},{\"@type\":\"ListItem\",\"position\":2,\"name\":\"Blog Cor\u00e9en \u2013 Un blog d\u00e9di\u00e9 \u00e0 la langue cor\u00e9enne\"}]},{\"@type\":\"WebSite\",\"@id\":\"https:\/\/blog.langasia.com\/#website\",\"url\":\"https:\/\/blog.langasia.com\/\",\"name\":\"Langasia\",\"description\":\"Blog\",\"publisher\":{\"@id\":\"https:\/\/blog.langasia.com\/#organization\"},\"potentialAction\":[{\"@type\":\"SearchAction\",\"target\":{\"@type\":\"EntryPoint\",\"urlTemplate\":\"https:\/\/blog.langasia.com\/?s={search_term_string}\"},\"query-input\":{\"@type\":\"PropertyValueSpecification\",\"valueRequired\":true,\"valueName\":\"search_term_string\"}}],\"inLanguage\":\"fr-FR\"},{\"@type\":\"Organization\",\"@id\":\"https:\/\/blog.langasia.com\/#organization\",\"name\":\"Langasia\",\"url\":\"https:\/\/blog.langasia.com\/\",\"logo\":{\"@type\":\"ImageObject\",\"inLanguage\":\"fr-FR\",\"@id\":\"https:\/\/blog.langasia.com\/#\/schema\/logo\/image\/\",\"url\":\"\",\"contentUrl\":\"\",\"caption\":\"Langasia\"},\"image\":{\"@id\":\"https:\/\/blog.langasia.com\/#\/schema\/logo\/image\/\"},\"sameAs\":[\"https:\/\/www.facebook.com\/Langasia-888214931201038\",\"https:\/\/x.com\/LangasiaWebsite\"]}]}<\/script>\n<!-- \/ Yoast SEO plugin. -->","yoast_head_json":{"title":"Blog Cor\u00e9en \u2013 Un blog d\u00e9di\u00e9 \u00e0 la langue cor\u00e9enne &#8226; Langasia","description":"Blog Cor\u00e9en \u2013 Un blog d\u00e9di\u00e9 \u00e0 la langue cor\u00e9enne avec divers contenus gratuits pour vous aider \u00e0 am\u00e9liorer votre vocabulaire, grammaire...","robots":{"index":"index","follow":"follow","max-snippet":"max-snippet:-1","max-image-preview":"max-image-preview:large","max-video-preview":"max-video-preview:-1"},"canonical":"https:\/\/blog.langasia.com\/fr\/blog-coreen-un-blog-dedie-a-la-langue-coreenne\/","og_locale":"fr_FR","og_type":"article","og_title":"Blog Cor\u00e9en \u2013 Un blog d\u00e9di\u00e9 \u00e0 la langue cor\u00e9enne &#8226; Langasia","og_description":"Blog Cor\u00e9en \u2013 Un blog d\u00e9di\u00e9 \u00e0 la langue cor\u00e9enne avec divers contenus gratuits pour vous aider \u00e0 am\u00e9liorer votre vocabulaire, grammaire...","og_url":"https:\/\/blog.langasia.com\/fr\/blog-coreen-un-blog-dedie-a-la-langue-coreenne\/","og_site_name":"Langasia","article_publisher":"https:\/\/www.facebook.com\/Langasia-888214931201038","article_modified_time":"2021-06-09T14:20:36+00:00","twitter_card":"summary_large_image","twitter_site":"@LangasiaWebsite","twitter_misc":{"Dur\u00e9e de lecture estim\u00e9e":"1 minute"},"schema":{"@context":"https:\/\/schema.org","@graph":[{"@type":"WebPage","@id":"https:\/\/blog.langasia.com\/fr\/blog-coreen-un-blog-dedie-a-la-langue-coreenne\/","url":"https:\/\/blog.langasia.com\/fr\/blog-coreen-un-blog-dedie-a-la-langue-coreenne\/","name":"Blog Cor\u00e9en \u2013 Un blog d\u00e9di\u00e9 \u00e0 la langue cor\u00e9enne &#8226; Langasia","isPartOf":{"@id":"https:\/\/blog.langasia.com\/#website"},"datePublished":"2020-09-18T10:10:48+00:00","dateModified":"2021-06-09T14:20:36+00:00","description":"Blog Cor\u00e9en \u2013 Un blog d\u00e9di\u00e9 \u00e0 la langue cor\u00e9enne avec divers contenus gratuits pour vous aider \u00e0 am\u00e9liorer votre vocabulaire, grammaire...","breadcrumb":{"@id":"https:\/\/blog.langasia.com\/fr\/blog-coreen-un-blog-dedie-a-la-langue-coreenne\/#breadcrumb"},"inLanguage":"fr-FR","potentialAction":[{"@type":"ReadAction","target":["https:\/\/blog.langasia.com\/fr\/blog-coreen-un-blog-dedie-a-la-langue-coreenne\/"]}]},{"@type":"BreadcrumbList","@id":"https:\/\/blog.langasia.com\/fr\/blog-coreen-un-blog-dedie-a-la-langue-coreenne\/#breadcrumb","itemListElement":[{"@type":"ListItem","position":1,"name":"Accueil","item":"https:\/\/blog.langasia.com\/fr\/"},{"@type":"ListItem","position":2,"name":"Blog Cor\u00e9en \u2013 Un blog d\u00e9di\u00e9 \u00e0 la langue cor\u00e9enne"}]},{"@type":"WebSite","@id":"https:\/\/blog.langasia.com\/#website","url":"https:\/\/blog.langasia.com\/","name":"Langasia","description":"Blog","publisher":{"@id":"https:\/\/blog.langasia.com\/#organization"},"potentialAction":[{"@type":"SearchAction","target":{"@type":"EntryPoint","urlTemplate":"https:\/\/blog.langasia.com\/?s={search_term_string}"},"query-input":{"@type":"PropertyValueSpecification","valueRequired":true,"valueName":"search_term_string"}}],"inLanguage":"fr-FR"},{"@type":"Organization","@id":"https:\/\/blog.langasia.com\/#organization","name":"Langasia","url":"https:\/\/blog.langasia.com\/","logo":{"@type":"ImageObject","inLanguage":"fr-FR","@id":"https:\/\/blog.langasia.com\/#\/schema\/logo\/image\/","url":"","contentUrl":"","caption":"Langasia"},"image":{"@id":"https:\/\/blog.langasia.com\/#\/schema\/logo\/image\/"},"sameAs":["https:\/\/www.facebook.com\/Langasia-888214931201038","https:\/\/x.com\/LangasiaWebsite"]}]}},"jetpack_sharing_enabled":true,"_links":{"self":[{"href":"https:\/\/blog.langasia.com\/fr\/wp-json\/wp\/v2\/pages\/193","targetHints":{"allow":["GET"]}}],"collection":[{"href":"https:\/\/blog.langasia.com\/fr\/wp-json\/wp\/v2\/pages"}],"about":[{"href":"https:\/\/blog.langasia.com\/fr\/wp-json\/wp\/v2\/types\/page"}],"author":[{"embeddable":true,"href":"https:\/\/blog.langasia.com\/fr\/wp-json\/wp\/v2\/users\/1"}],"replies":[{"embeddable":true,"href":"https:\/\/blog.langasia.com\/fr\/wp-json\/wp\/v2\/comments?post=193"}],"version-history":[{"count":0,"href":"https:\/\/blog.langasia.com\/fr\/wp-json\/wp\/v2\/pages\/193\/revisions"}],"wp:attachment":[{"href":"https:\/\/blog.langasia.com\/fr\/wp-json\/wp\/v2\/media?parent=193"}],"curies":[{"name":"wp","href":"https:\/\/api.w.org\/{rel}","templated":true}]}}