{"id":174,"date":"2020-09-18T08:52:02","date_gmt":"2020-09-18T08:52:02","guid":{"rendered":"http:\/\/perpetual-apple.flywheelsites.com\/japanese-blog-learn-the-japanese-language\/"},"modified":"2021-06-09T14:18:30","modified_gmt":"2021-06-09T14:18:30","slug":"blog-japonais-un-blog-dedie-a-la-langue-japonaise","status":"publish","type":"page","link":"https:\/\/blog.langasia.com\/fr\/blog-japonais-un-blog-dedie-a-la-langue-japonaise\/","title":{"rendered":"Blog Japonais &#8211; Un blog d\u00e9di\u00e9 \u00e0 la langue japonaise"},"content":{"rendered":"<h1>Un blog d\u00e9di\u00e9 au japonais<\/h1>\n<p><\/p>\n<h3>Augmentez votre vocabulaire et vos comp\u00e9tences en langue<\/h3>\n<p>no-repeat;left top;;<br \/>auto<\/p>\n<h2>Apprendre les antonymes japonais<\/h2>\n<p>Trouvez chaque semaine deux mots oppos\u00e9s. Essayez de les lire et de les comprendre. Si vous ne connaissez pas le mot, lisez l\\&rsquo;article pour apprendre de nouveaux verbes et adjectifs japonais. Pouvez-vous lire les mots sur l\\&rsquo;image?<br \/>no-repeat;left top;;<br \/>auto<\/p>\n<p>4<br \/>masonry<br \/>2<br \/>h4<br \/>japonais<br \/>date<br \/>DESC<\/p>\n<h2>Boost d\\&rsquo;apprentissage<\/h2>\n<p>Qu\\&rsquo;est-ce qu\\&rsquo;un boost d\\&rsquo;apprentissage? C\\&rsquo;est juste plein d\\&rsquo;id\u00e9es, astuces, conseils pour vous aider \u00e0 apprendre facilement et rapidement le japonais.<br \/>no-repeat;left top;;<br \/>auto<\/p>\n<p>5<br \/>boost-dapprentissage-japonais<br \/>date<br \/>DESC<\/p>\n<h2>Apprendre les antonymes japonais<\/h2>\n<p>Trouvez chaque semaine deux mots oppos\u00e9s. Essayez de les lire et de les comprendre. Si vous ne connaissez pas le mot, lisez l\\&rsquo;article pour apprendre de nouveaux verbes et adjectifs japonais. Pouvez-vous lire les mots sur l\\&rsquo;image?<br \/>no-repeat;left top;;<br \/>auto<\/p>\n<p>12<br \/>masonry<br \/>4<br \/>h4<br \/>antonyme-japonais<br \/>date<br \/>DESC<\/p>\n<h2>Mots essentiels<\/h2>\n<p>Retrouvez les 5 mots diffus\u00e9s sur les r\u00e9seaux sociaux avec les vid\u00e9os. Si vous avez rat\u00e9 les premiers ou que vous n\\&rsquo;\u00eates pas sur les r\u00e9seaux sociaux, retrouvez ici toutes les vid\u00e9os et infographies pour apprendre de nouveaux mots en japonais.<br \/>no-repeat;left top;;<br \/>auto<\/p>\n<p>12<br \/>masonry<br \/>4<br \/>h4<br \/>mots-essentiels-japonais<br \/>date<br \/>DESC<\/p>\n<p>3<\/p>\n<p>PASS GRATUIT<br \/>\n<\/p>\n<h2>Obtenir un Pass<br \/>\n<br \/>d\\&rsquo;apprentissage Japonais<\/h2>\n<p><hr class=\"no_line\" style=\"margin: 0 auto 0px auto\"\/>\n<br \/>\n<br \/>Si vous voulez apprendre le japonais facilement, nous vous proposons un Pass gratuit pour apprendre l\\&rsquo;alphabet hiragana\/katakana, des nouveaux mots, la grammaire et bien d\\&rsquo;autres. Le tout accompagn\u00e9 de jeux, quiz, flashcard,&#8230; bref tous ce dont vous avez besoin pour apprendre sans contrainte le japonais.<br \/>\n<br \/><hr class=\"no_line\" style=\"margin: 0 auto 0px auto\"\/>\n<br \/>\n<br \/><a class=\"button  button_size_2\" href=\"\"         title=\"\"><span class=\"button_label\">Button<\/span><\/a>\n<br \/>center<br \/>#f4f3f9<br \/>no-repeat;left top;;<br \/>auto<br \/>80px 15%<br \/>border-radius: 40% 27% 74% 28% \/ 40% 43% 47% 52%<\/p>\n","protected":false},"excerpt":{"rendered":"<p><span class=\"excerpt-hellip\"> [\u2026]<\/span><\/p>\n","protected":false},"author":1,"featured_media":0,"parent":0,"menu_order":0,"comment_status":"closed","ping_status":"closed","template":"","meta":{"footnotes":""},"class_list":["post-174","page","type-page","status-publish","hentry"],"yoast_head":"<!-- This site is optimized with the Yoast SEO plugin v27.3 - https:\/\/yoast.com\/product\/yoast-seo-wordpress\/ -->\n<title>Blog Japonais - Un blog d\u00e9di\u00e9 \u00e0 la langue japonaise &#8226; Langasia<\/title>\n<meta name=\"description\" content=\"Blog Japonais - Un blog d\u00e9di\u00e9 \u00e0 la langue japonaise avec de nombreux conseils, vocabulaire sur un th\u00e8me, d\u00e9fi, synonyme de mot, antonyme...\" \/>\n<meta name=\"robots\" content=\"index, follow, max-snippet:-1, max-image-preview:large, max-video-preview:-1\" \/>\n<link rel=\"canonical\" href=\"https:\/\/blog.langasia.com\/fr\/blog-japonais-un-blog-dedie-a-la-langue-japonaise\/\" \/>\n<meta property=\"og:locale\" content=\"fr_FR\" \/>\n<meta property=\"og:type\" content=\"article\" \/>\n<meta property=\"og:title\" content=\"Blog Japonais - Un blog d\u00e9di\u00e9 \u00e0 la langue japonaise &#8226; Langasia\" \/>\n<meta property=\"og:description\" content=\"Blog Japonais - Un blog d\u00e9di\u00e9 \u00e0 la langue japonaise avec de nombreux conseils, vocabulaire sur un th\u00e8me, d\u00e9fi, synonyme de mot, antonyme...\" \/>\n<meta property=\"og:url\" content=\"https:\/\/blog.langasia.com\/fr\/blog-japonais-un-blog-dedie-a-la-langue-japonaise\/\" \/>\n<meta property=\"og:site_name\" content=\"Langasia\" \/>\n<meta property=\"article:publisher\" content=\"https:\/\/www.facebook.com\/Langasia-888214931201038\" \/>\n<meta property=\"article:modified_time\" content=\"2021-06-09T14:18:30+00:00\" \/>\n<meta name=\"twitter:card\" content=\"summary_large_image\" \/>\n<meta name=\"twitter:site\" content=\"@LangasiaWebsite\" \/>\n<meta name=\"twitter:label1\" content=\"Dur\u00e9e de lecture estim\u00e9e\" \/>\n\t<meta name=\"twitter:data1\" content=\"2 minutes\" \/>\n<script type=\"application\/ld+json\" class=\"yoast-schema-graph\">{\"@context\":\"https:\\\/\\\/schema.org\",\"@graph\":[{\"@type\":\"WebPage\",\"@id\":\"https:\\\/\\\/blog.langasia.com\\\/fr\\\/blog-japonais-un-blog-dedie-a-la-langue-japonaise\\\/\",\"url\":\"https:\\\/\\\/blog.langasia.com\\\/fr\\\/blog-japonais-un-blog-dedie-a-la-langue-japonaise\\\/\",\"name\":\"Blog Japonais - Un blog d\u00e9di\u00e9 \u00e0 la langue japonaise &#8226; Langasia\",\"isPartOf\":{\"@id\":\"https:\\\/\\\/blog.langasia.com\\\/#website\"},\"datePublished\":\"2020-09-18T08:52:02+00:00\",\"dateModified\":\"2021-06-09T14:18:30+00:00\",\"description\":\"Blog Japonais - Un blog d\u00e9di\u00e9 \u00e0 la langue japonaise avec de nombreux conseils, vocabulaire sur un th\u00e8me, d\u00e9fi, synonyme de mot, antonyme...\",\"breadcrumb\":{\"@id\":\"https:\\\/\\\/blog.langasia.com\\\/fr\\\/blog-japonais-un-blog-dedie-a-la-langue-japonaise\\\/#breadcrumb\"},\"inLanguage\":\"fr-FR\",\"potentialAction\":[{\"@type\":\"ReadAction\",\"target\":[\"https:\\\/\\\/blog.langasia.com\\\/fr\\\/blog-japonais-un-blog-dedie-a-la-langue-japonaise\\\/\"]}]},{\"@type\":\"BreadcrumbList\",\"@id\":\"https:\\\/\\\/blog.langasia.com\\\/fr\\\/blog-japonais-un-blog-dedie-a-la-langue-japonaise\\\/#breadcrumb\",\"itemListElement\":[{\"@type\":\"ListItem\",\"position\":1,\"name\":\"Accueil\",\"item\":\"https:\\\/\\\/blog.langasia.com\\\/fr\\\/\"},{\"@type\":\"ListItem\",\"position\":2,\"name\":\"Blog Japonais &#8211; Un blog d\u00e9di\u00e9 \u00e0 la langue japonaise\"}]},{\"@type\":\"WebSite\",\"@id\":\"https:\\\/\\\/blog.langasia.com\\\/#website\",\"url\":\"https:\\\/\\\/blog.langasia.com\\\/\",\"name\":\"Langasia\",\"description\":\"Blog\",\"publisher\":{\"@id\":\"https:\\\/\\\/blog.langasia.com\\\/#organization\"},\"potentialAction\":[{\"@type\":\"SearchAction\",\"target\":{\"@type\":\"EntryPoint\",\"urlTemplate\":\"https:\\\/\\\/blog.langasia.com\\\/?s={search_term_string}\"},\"query-input\":{\"@type\":\"PropertyValueSpecification\",\"valueRequired\":true,\"valueName\":\"search_term_string\"}}],\"inLanguage\":\"fr-FR\"},{\"@type\":\"Organization\",\"@id\":\"https:\\\/\\\/blog.langasia.com\\\/#organization\",\"name\":\"Langasia\",\"url\":\"https:\\\/\\\/blog.langasia.com\\\/\",\"logo\":{\"@type\":\"ImageObject\",\"inLanguage\":\"fr-FR\",\"@id\":\"https:\\\/\\\/blog.langasia.com\\\/#\\\/schema\\\/logo\\\/image\\\/\",\"url\":\"\",\"contentUrl\":\"\",\"caption\":\"Langasia\"},\"image\":{\"@id\":\"https:\\\/\\\/blog.langasia.com\\\/#\\\/schema\\\/logo\\\/image\\\/\"},\"sameAs\":[\"https:\\\/\\\/www.facebook.com\\\/Langasia-888214931201038\",\"https:\\\/\\\/x.com\\\/LangasiaWebsite\"]}]}<\/script>\n<!-- \/ Yoast SEO plugin. -->","yoast_head_json":{"title":"Blog Japonais - Un blog d\u00e9di\u00e9 \u00e0 la langue japonaise &#8226; Langasia","description":"Blog Japonais - Un blog d\u00e9di\u00e9 \u00e0 la langue japonaise avec de nombreux conseils, vocabulaire sur un th\u00e8me, d\u00e9fi, synonyme de mot, antonyme...","robots":{"index":"index","follow":"follow","max-snippet":"max-snippet:-1","max-image-preview":"max-image-preview:large","max-video-preview":"max-video-preview:-1"},"canonical":"https:\/\/blog.langasia.com\/fr\/blog-japonais-un-blog-dedie-a-la-langue-japonaise\/","og_locale":"fr_FR","og_type":"article","og_title":"Blog Japonais - Un blog d\u00e9di\u00e9 \u00e0 la langue japonaise &#8226; Langasia","og_description":"Blog Japonais - Un blog d\u00e9di\u00e9 \u00e0 la langue japonaise avec de nombreux conseils, vocabulaire sur un th\u00e8me, d\u00e9fi, synonyme de mot, antonyme...","og_url":"https:\/\/blog.langasia.com\/fr\/blog-japonais-un-blog-dedie-a-la-langue-japonaise\/","og_site_name":"Langasia","article_publisher":"https:\/\/www.facebook.com\/Langasia-888214931201038","article_modified_time":"2021-06-09T14:18:30+00:00","twitter_card":"summary_large_image","twitter_site":"@LangasiaWebsite","twitter_misc":{"Dur\u00e9e de lecture estim\u00e9e":"2 minutes"},"schema":{"@context":"https:\/\/schema.org","@graph":[{"@type":"WebPage","@id":"https:\/\/blog.langasia.com\/fr\/blog-japonais-un-blog-dedie-a-la-langue-japonaise\/","url":"https:\/\/blog.langasia.com\/fr\/blog-japonais-un-blog-dedie-a-la-langue-japonaise\/","name":"Blog Japonais - Un blog d\u00e9di\u00e9 \u00e0 la langue japonaise &#8226; Langasia","isPartOf":{"@id":"https:\/\/blog.langasia.com\/#website"},"datePublished":"2020-09-18T08:52:02+00:00","dateModified":"2021-06-09T14:18:30+00:00","description":"Blog Japonais - Un blog d\u00e9di\u00e9 \u00e0 la langue japonaise avec de nombreux conseils, vocabulaire sur un th\u00e8me, d\u00e9fi, synonyme de mot, antonyme...","breadcrumb":{"@id":"https:\/\/blog.langasia.com\/fr\/blog-japonais-un-blog-dedie-a-la-langue-japonaise\/#breadcrumb"},"inLanguage":"fr-FR","potentialAction":[{"@type":"ReadAction","target":["https:\/\/blog.langasia.com\/fr\/blog-japonais-un-blog-dedie-a-la-langue-japonaise\/"]}]},{"@type":"BreadcrumbList","@id":"https:\/\/blog.langasia.com\/fr\/blog-japonais-un-blog-dedie-a-la-langue-japonaise\/#breadcrumb","itemListElement":[{"@type":"ListItem","position":1,"name":"Accueil","item":"https:\/\/blog.langasia.com\/fr\/"},{"@type":"ListItem","position":2,"name":"Blog Japonais &#8211; Un blog d\u00e9di\u00e9 \u00e0 la langue japonaise"}]},{"@type":"WebSite","@id":"https:\/\/blog.langasia.com\/#website","url":"https:\/\/blog.langasia.com\/","name":"Langasia","description":"Blog","publisher":{"@id":"https:\/\/blog.langasia.com\/#organization"},"potentialAction":[{"@type":"SearchAction","target":{"@type":"EntryPoint","urlTemplate":"https:\/\/blog.langasia.com\/?s={search_term_string}"},"query-input":{"@type":"PropertyValueSpecification","valueRequired":true,"valueName":"search_term_string"}}],"inLanguage":"fr-FR"},{"@type":"Organization","@id":"https:\/\/blog.langasia.com\/#organization","name":"Langasia","url":"https:\/\/blog.langasia.com\/","logo":{"@type":"ImageObject","inLanguage":"fr-FR","@id":"https:\/\/blog.langasia.com\/#\/schema\/logo\/image\/","url":"","contentUrl":"","caption":"Langasia"},"image":{"@id":"https:\/\/blog.langasia.com\/#\/schema\/logo\/image\/"},"sameAs":["https:\/\/www.facebook.com\/Langasia-888214931201038","https:\/\/x.com\/LangasiaWebsite"]}]}},"jetpack_sharing_enabled":true,"_links":{"self":[{"href":"https:\/\/blog.langasia.com\/fr\/wp-json\/wp\/v2\/pages\/174","targetHints":{"allow":["GET"]}}],"collection":[{"href":"https:\/\/blog.langasia.com\/fr\/wp-json\/wp\/v2\/pages"}],"about":[{"href":"https:\/\/blog.langasia.com\/fr\/wp-json\/wp\/v2\/types\/page"}],"author":[{"embeddable":true,"href":"https:\/\/blog.langasia.com\/fr\/wp-json\/wp\/v2\/users\/1"}],"replies":[{"embeddable":true,"href":"https:\/\/blog.langasia.com\/fr\/wp-json\/wp\/v2\/comments?post=174"}],"version-history":[{"count":0,"href":"https:\/\/blog.langasia.com\/fr\/wp-json\/wp\/v2\/pages\/174\/revisions"}],"wp:attachment":[{"href":"https:\/\/blog.langasia.com\/fr\/wp-json\/wp\/v2\/media?parent=174"}],"curies":[{"name":"wp","href":"https:\/\/api.w.org\/{rel}","templated":true}]}}