{"id":121,"date":"2019-11-27T17:00:19","date_gmt":"2019-11-27T16:00:19","guid":{"rendered":"http:\/\/perpetual-apple.flywheelsites.com\/home\/"},"modified":"2021-03-29T13:39:25","modified_gmt":"2021-03-29T13:39:25","slug":"home","status":"publish","type":"page","link":"https:\/\/blog.langasia.com\/fr\/","title":{"rendered":"Accueil"},"content":{"rendered":"<h1>Blog Langasia<\/h1>\n<p><\/p>\n<h3>\ud658\uc601\ud569\ub2c8\ub2e4<\/h3>\n<p><\/p>\n<h2>Ma\u00eetriser le japonais et le cor\u00e9en<\/h2>\n<p><\/p>\n<h3>\u3088\u3046\u3053\u305d<\/h3>\n<p>no-repeat;left top;;<br \/>auto<\/p>\n<p>5<br \/>boost-dapprentissage-japonais<br \/>date<br \/>DESC<\/p>\n<p>Mots Essentiels<br \/>5<br \/>mots-essentiels-coreen<br \/>date<br \/>DESC<\/p>\n<p>Mots Essentiels<br \/>5<br \/>mots-essentiels-japonais<br \/>date<br \/>DESC<\/p>\n<p>dots<br \/>wide<br \/>#2e1aaf<\/p>\n<p>Japonais<br \/>5<br \/>antonyme-japonais<br \/>date<br \/>DESC<\/p>\n<p>Cor\u00e9en<br \/>5<br \/>antonyme-coreen<br \/>date<br \/>DESC<\/p>\n<p>dots<br \/>wide<br \/>#2e1aaf<\/p>\n<h4>Un petit j\\&rsquo;aime<\/h4>\n<p><\/p>\n<h4>\uac10\uc0ac\ud569\ub2c8\ub2e4<\/h4>\n<p><\/p>\n<h4>\u3042\u308a\u304c\u3068\u3046<\/h4>\n<p>center<br \/>no-repeat;left top;;<br \/>auto<\/p>\n<p>center<br \/>no-repeat;left top;;<br \/>auto<\/p>\n<p>NOTRE CAMPUS<br \/>\n<\/p>\n<h2>Le\u00e7on gratuite et premium<br \/>\n<br \/>avec des exercices personnalis\u00e9s<\/h2>\n<p><hr class=\"no_line\" style=\"margin: 0 auto 0px auto\"\/>\n<br \/>\n<br \/>Langasia vous propose d\\&rsquo;apprendre ce que vous voulez apprendre sans strict guide. Vous s\u00e9lectionnez le th\u00e8me que vous souhaitez m\u00e9moriser, puis pratiquez votre nouveau vocabulaire avec les exercices et utilisez ensuite dans une vraie conversation. Les \u00e9tudiants qui \u00e9tudient \u00e0 l\\&rsquo;\u00e9cole aussi, ont un r\u00e9el avantage d\\&rsquo;avoir des outils pour am\u00e9liorer leurs connaissances ou pouvoir r\u00e9vis\u00e9s de mani\u00e8re interactive.<br \/>\n<br \/><hr class=\"no_line\" style=\"margin: 0 auto 0px auto\"\/>\n<br \/>\n<br \/><a class=\"button  button_size_2\" href=\"\"         title=\"\"><span class=\"button_label\">Button<\/span><\/a>\n<br \/>center<br \/>#2e1aaf<br \/>no-repeat;left top;;<br \/>auto<br \/>80px 15%<br \/>border-radius: 40% 27% 74% 28% \/ 40% 43% 47% 52%<\/p>\n<h3>Pourquoi choisir<\/h3>\n<p><\/p>\n<h3>nos le\u00e7ons?<\/h3>\n<p>center<br \/>#7bdcb5<br \/>no-repeat;center;;<br \/>auto<br \/>border-radius: 40% 27% 74% 28% \/ 40% 43% 47% 52%<\/p>\n<p><img decoding=\"async\" src=\"https:\/\/blog.langasia.com\/wp-content\/uploads\/2019\/11\/lang3-home-icon1.png\" alt=\"\" \/><br \/>center<\/p>\n<h4>Mat\u00e9riel d\\&rsquo;apprentissage<br \/>\n<br \/>gratuit<\/h4>\n<p>Apprenez de nouveaux mots, la grammaire et des expressions<br \/>center<br \/>no-repeat;left top;;<br \/>auto<\/p>\n<p><img decoding=\"async\" src=\"https:\/\/blog.langasia.com\/wp-content\/uploads\/2019\/11\/lang3-home-icon2.png\" alt=\"\" \/><br \/>center<\/p>\n<h4>Application<br \/>\n<br \/>mobile<\/h4>\n<p>Bient\u00f4t une application mobile sera cr\u00e9\u00e9e<br \/>center<br \/>no-repeat;left top;;<br \/>auto<\/p>\n<p><img decoding=\"async\" src=\"https:\/\/blog.langasia.com\/wp-content\/uploads\/2019\/11\/lang3-home-icon3.png\" alt=\"\" \/><br \/>center<\/p>\n<h4>Apprendre \u00e0<br \/>\n<br \/> tous les niveaux<\/h4>\n<p>Des le\u00e7ons pour chaque niveau, pour d\u00e9butant et plus avanc\u00e9<br \/>center<br \/>no-repeat;left top;;<br \/>auto<\/p>\n<p><img decoding=\"async\" src=\"https:\/\/blog.langasia.com\/wp-content\/uploads\/2019\/11\/lang3-home-icon4.png\" alt=\"\" \/><br \/>center<\/p>\n<h4>Quiz et activit\u00e9s<br \/>\n<br \/>interactives<\/h4>\n<p>Quiz, Flashcard, images, exemples,&#8230;<br \/>center<br \/>no-repeat;left top;;<br \/>auto<\/p>\n","protected":false},"excerpt":{"rendered":"<p><span class=\"excerpt-hellip\"> [\u2026]<\/span><\/p>\n","protected":false},"author":1,"featured_media":0,"parent":0,"menu_order":0,"comment_status":"closed","ping_status":"closed","template":"","meta":{"footnotes":""},"class_list":["post-121","page","type-page","status-publish","hentry"],"yoast_head":"<!-- This site is optimized with the Yoast SEO plugin v27.2 - https:\/\/yoast.com\/product\/yoast-seo-wordpress\/ -->\n<title>Blog Langasia \u2022 Ma\u00eetriser le japonais et le cor\u00e9en<\/title>\n<meta name=\"description\" content=\"Blog Langasia - Ma\u00eetriser le japonais et le cor\u00e9en avec divers outils et ressources pour en savoir plus sur le japonais et le cor\u00e9en...\" \/>\n<meta name=\"robots\" content=\"index, follow, max-snippet:-1, max-image-preview:large, max-video-preview:-1\" \/>\n<link rel=\"canonical\" href=\"https:\/\/blog.langasia.com\/fr\/\" \/>\n<meta property=\"og:locale\" content=\"fr_FR\" \/>\n<meta property=\"og:type\" content=\"article\" \/>\n<meta property=\"og:title\" content=\"Blog Langasia \u2022 Ma\u00eetriser le japonais et le cor\u00e9en\" \/>\n<meta property=\"og:description\" content=\"Blog Langasia - Ma\u00eetriser le japonais et le cor\u00e9en avec divers outils et ressources pour en savoir plus sur le japonais et le cor\u00e9en...\" \/>\n<meta property=\"og:url\" content=\"https:\/\/blog.langasia.com\/fr\/\" \/>\n<meta property=\"og:site_name\" content=\"Langasia\" \/>\n<meta property=\"article:publisher\" content=\"https:\/\/www.facebook.com\/Langasia-888214931201038\" \/>\n<meta property=\"article:modified_time\" content=\"2021-03-29T13:39:25+00:00\" \/>\n<meta property=\"og:image\" content=\"https:\/\/blog.langasia.com\/wp-content\/uploads\/2019\/11\/lang3-home-icon1.png\" \/>\n<meta name=\"twitter:card\" content=\"summary_large_image\" \/>\n<meta name=\"twitter:site\" content=\"@LangasiaWebsite\" \/>\n<meta name=\"twitter:label1\" content=\"Dur\u00e9e de lecture estim\u00e9e\" \/>\n\t<meta name=\"twitter:data1\" content=\"1 minute\" \/>\n<script type=\"application\/ld+json\" class=\"yoast-schema-graph\">{\"@context\":\"https:\/\/schema.org\",\"@graph\":[{\"@type\":\"WebPage\",\"@id\":\"https:\/\/blog.langasia.com\/fr\/\",\"url\":\"https:\/\/blog.langasia.com\/fr\/\",\"name\":\"Blog Langasia \u2022 Ma\u00eetriser le japonais et le cor\u00e9en\",\"isPartOf\":{\"@id\":\"https:\/\/blog.langasia.com\/#website\"},\"primaryImageOfPage\":{\"@id\":\"https:\/\/blog.langasia.com\/fr\/#primaryimage\"},\"image\":{\"@id\":\"https:\/\/blog.langasia.com\/fr\/#primaryimage\"},\"thumbnailUrl\":\"https:\/\/blog.langasia.com\/wp-content\/uploads\/2019\/11\/lang3-home-icon1.png\",\"datePublished\":\"2019-11-27T16:00:19+00:00\",\"dateModified\":\"2021-03-29T13:39:25+00:00\",\"description\":\"Blog Langasia - Ma\u00eetriser le japonais et le cor\u00e9en avec divers outils et ressources pour en savoir plus sur le japonais et le cor\u00e9en...\",\"breadcrumb\":{\"@id\":\"https:\/\/blog.langasia.com\/fr\/#breadcrumb\"},\"inLanguage\":\"fr-FR\",\"potentialAction\":[{\"@type\":\"ReadAction\",\"target\":[\"https:\/\/blog.langasia.com\/fr\/\"]}]},{\"@type\":\"ImageObject\",\"inLanguage\":\"fr-FR\",\"@id\":\"https:\/\/blog.langasia.com\/fr\/#primaryimage\",\"url\":\"https:\/\/blog.langasia.com\/wp-content\/uploads\/2019\/11\/lang3-home-icon1.png\",\"contentUrl\":\"https:\/\/blog.langasia.com\/wp-content\/uploads\/2019\/11\/lang3-home-icon1.png\"},{\"@type\":\"BreadcrumbList\",\"@id\":\"https:\/\/blog.langasia.com\/fr\/#breadcrumb\",\"itemListElement\":[{\"@type\":\"ListItem\",\"position\":1,\"name\":\"Accueil\",\"item\":\"https:\/\/blog.langasia.com\/fr\/\"},{\"@type\":\"ListItem\",\"position\":2,\"name\":\"Accueil\"}]},{\"@type\":\"WebSite\",\"@id\":\"https:\/\/blog.langasia.com\/#website\",\"url\":\"https:\/\/blog.langasia.com\/\",\"name\":\"Langasia\",\"description\":\"Blog\",\"publisher\":{\"@id\":\"https:\/\/blog.langasia.com\/#organization\"},\"potentialAction\":[{\"@type\":\"SearchAction\",\"target\":{\"@type\":\"EntryPoint\",\"urlTemplate\":\"https:\/\/blog.langasia.com\/?s={search_term_string}\"},\"query-input\":{\"@type\":\"PropertyValueSpecification\",\"valueRequired\":true,\"valueName\":\"search_term_string\"}}],\"inLanguage\":\"fr-FR\"},{\"@type\":\"Organization\",\"@id\":\"https:\/\/blog.langasia.com\/#organization\",\"name\":\"Langasia\",\"url\":\"https:\/\/blog.langasia.com\/\",\"logo\":{\"@type\":\"ImageObject\",\"inLanguage\":\"fr-FR\",\"@id\":\"https:\/\/blog.langasia.com\/#\/schema\/logo\/image\/\",\"url\":\"\",\"contentUrl\":\"\",\"caption\":\"Langasia\"},\"image\":{\"@id\":\"https:\/\/blog.langasia.com\/#\/schema\/logo\/image\/\"},\"sameAs\":[\"https:\/\/www.facebook.com\/Langasia-888214931201038\",\"https:\/\/x.com\/LangasiaWebsite\"]}]}<\/script>\n<!-- \/ Yoast SEO plugin. -->","yoast_head_json":{"title":"Blog Langasia \u2022 Ma\u00eetriser le japonais et le cor\u00e9en","description":"Blog Langasia - Ma\u00eetriser le japonais et le cor\u00e9en avec divers outils et ressources pour en savoir plus sur le japonais et le cor\u00e9en...","robots":{"index":"index","follow":"follow","max-snippet":"max-snippet:-1","max-image-preview":"max-image-preview:large","max-video-preview":"max-video-preview:-1"},"canonical":"https:\/\/blog.langasia.com\/fr\/","og_locale":"fr_FR","og_type":"article","og_title":"Blog Langasia \u2022 Ma\u00eetriser le japonais et le cor\u00e9en","og_description":"Blog Langasia - Ma\u00eetriser le japonais et le cor\u00e9en avec divers outils et ressources pour en savoir plus sur le japonais et le cor\u00e9en...","og_url":"https:\/\/blog.langasia.com\/fr\/","og_site_name":"Langasia","article_publisher":"https:\/\/www.facebook.com\/Langasia-888214931201038","article_modified_time":"2021-03-29T13:39:25+00:00","og_image":[{"url":"https:\/\/blog.langasia.com\/wp-content\/uploads\/2019\/11\/lang3-home-icon1.png","type":"","width":"","height":""}],"twitter_card":"summary_large_image","twitter_site":"@LangasiaWebsite","twitter_misc":{"Dur\u00e9e de lecture estim\u00e9e":"1 minute"},"schema":{"@context":"https:\/\/schema.org","@graph":[{"@type":"WebPage","@id":"https:\/\/blog.langasia.com\/fr\/","url":"https:\/\/blog.langasia.com\/fr\/","name":"Blog Langasia \u2022 Ma\u00eetriser le japonais et le cor\u00e9en","isPartOf":{"@id":"https:\/\/blog.langasia.com\/#website"},"primaryImageOfPage":{"@id":"https:\/\/blog.langasia.com\/fr\/#primaryimage"},"image":{"@id":"https:\/\/blog.langasia.com\/fr\/#primaryimage"},"thumbnailUrl":"https:\/\/blog.langasia.com\/wp-content\/uploads\/2019\/11\/lang3-home-icon1.png","datePublished":"2019-11-27T16:00:19+00:00","dateModified":"2021-03-29T13:39:25+00:00","description":"Blog Langasia - Ma\u00eetriser le japonais et le cor\u00e9en avec divers outils et ressources pour en savoir plus sur le japonais et le cor\u00e9en...","breadcrumb":{"@id":"https:\/\/blog.langasia.com\/fr\/#breadcrumb"},"inLanguage":"fr-FR","potentialAction":[{"@type":"ReadAction","target":["https:\/\/blog.langasia.com\/fr\/"]}]},{"@type":"ImageObject","inLanguage":"fr-FR","@id":"https:\/\/blog.langasia.com\/fr\/#primaryimage","url":"https:\/\/blog.langasia.com\/wp-content\/uploads\/2019\/11\/lang3-home-icon1.png","contentUrl":"https:\/\/blog.langasia.com\/wp-content\/uploads\/2019\/11\/lang3-home-icon1.png"},{"@type":"BreadcrumbList","@id":"https:\/\/blog.langasia.com\/fr\/#breadcrumb","itemListElement":[{"@type":"ListItem","position":1,"name":"Accueil","item":"https:\/\/blog.langasia.com\/fr\/"},{"@type":"ListItem","position":2,"name":"Accueil"}]},{"@type":"WebSite","@id":"https:\/\/blog.langasia.com\/#website","url":"https:\/\/blog.langasia.com\/","name":"Langasia","description":"Blog","publisher":{"@id":"https:\/\/blog.langasia.com\/#organization"},"potentialAction":[{"@type":"SearchAction","target":{"@type":"EntryPoint","urlTemplate":"https:\/\/blog.langasia.com\/?s={search_term_string}"},"query-input":{"@type":"PropertyValueSpecification","valueRequired":true,"valueName":"search_term_string"}}],"inLanguage":"fr-FR"},{"@type":"Organization","@id":"https:\/\/blog.langasia.com\/#organization","name":"Langasia","url":"https:\/\/blog.langasia.com\/","logo":{"@type":"ImageObject","inLanguage":"fr-FR","@id":"https:\/\/blog.langasia.com\/#\/schema\/logo\/image\/","url":"","contentUrl":"","caption":"Langasia"},"image":{"@id":"https:\/\/blog.langasia.com\/#\/schema\/logo\/image\/"},"sameAs":["https:\/\/www.facebook.com\/Langasia-888214931201038","https:\/\/x.com\/LangasiaWebsite"]}]}},"jetpack_sharing_enabled":true,"_links":{"self":[{"href":"https:\/\/blog.langasia.com\/fr\/wp-json\/wp\/v2\/pages\/121","targetHints":{"allow":["GET"]}}],"collection":[{"href":"https:\/\/blog.langasia.com\/fr\/wp-json\/wp\/v2\/pages"}],"about":[{"href":"https:\/\/blog.langasia.com\/fr\/wp-json\/wp\/v2\/types\/page"}],"author":[{"embeddable":true,"href":"https:\/\/blog.langasia.com\/fr\/wp-json\/wp\/v2\/users\/1"}],"replies":[{"embeddable":true,"href":"https:\/\/blog.langasia.com\/fr\/wp-json\/wp\/v2\/comments?post=121"}],"version-history":[{"count":0,"href":"https:\/\/blog.langasia.com\/fr\/wp-json\/wp\/v2\/pages\/121\/revisions"}],"wp:attachment":[{"href":"https:\/\/blog.langasia.com\/fr\/wp-json\/wp\/v2\/media?parent=121"}],"curies":[{"name":"wp","href":"https:\/\/api.w.org\/{rel}","templated":true}]}}